{"id":47,"date":"2022-07-02T01:44:31","date_gmt":"2022-07-02T01:44:31","guid":{"rendered":"http:\/\/insurdemo.local\/?page_id=47"},"modified":"2023-09-05T14:39:31","modified_gmt":"2023-09-05T14:39:31","slug":"contact","status":"publish","type":"page","link":"https:\/\/avefi.com\/?page_id=47","title":{"rendered":"Contact"},"content":{"rendered":"\t\t<div data-elementor-type=\"wp-page\" data-elementor-id=\"47\" class=\"elementor elementor-47\">\n\t\t\t\t\t\t<section class=\"elementor-section elementor-top-section elementor-element elementor-element-4a6c8ee1 elementor-section-full_width elementor-section-height-default elementor-section-height-default\" data-id=\"4a6c8ee1\" data-element_type=\"section\" data-e-type=\"section\">\n\t\t\t\t\t\t<div class=\"elementor-container elementor-column-gap-no\">\n\t\t\t\t\t<div class=\"elementor-column elementor-col-100 elementor-top-column elementor-element elementor-element-61cfa73a\" data-id=\"61cfa73a\" data-element_type=\"column\" data-e-type=\"column\">\n\t\t\t<div class=\"elementor-widget-wrap elementor-element-populated\">\n\t\t\t\t\t\t<div class=\"elementor-element elementor-element-3f3387b elementor-widget elementor-widget-insur-work-process\" data-id=\"3f3387b\" data-element_type=\"widget\" data-e-type=\"widget\" data-widget_type=\"insur-work-process.default\">\n\t\t\t\t<div class=\"elementor-widget-container\">\n\t\t\t\t\t    <!--Process Start-->\r\n    <section class=\"process\">\r\n        <div class=\"container\">\r\n                            <div class=\"section-title text-center\">\r\n                                                                <h2 class=\"section-title__title\">Process<\/h2>\r\n                                    <\/div>\r\n                        <div class=\"process__inner\">\r\n                                <div class=\"row\">\r\n                                                                        <!--Process Single Start-->\r\n                            <div class=\"col-xl-3 col-lg-3 col-md-6\">\r\n                                <div class=\"process__single process__single-1\">\r\n                                    <div class=\"process__icon-box\">\r\n                                        <div class=\"process__icon insur-icon-svg\">\r\n                                            <span aria-hidden=\"true\" class=\"   icon-agreement\"><\/span>                                        <\/div>\r\n                                        <div class=\"process__count\"><\/div>\r\n                                    <\/div>\r\n                                    <div class=\"process__content\">\r\n                                        <h3 class=\"process__title\">1er RDV<\/h3>\r\n                                        <p class=\"process__text\">Analyse de la demande, \nProposition de process, de tarif<br>\n1er RDV offert<\/p>\r\n                                    <\/div>\r\n                                <\/div>\r\n                            <\/div>\r\n                            <!--Process Single End-->\r\n                                                <!--Process Single Start-->\r\n                            <div class=\"col-xl-3 col-lg-3 col-md-6\">\r\n                                <div class=\"process__single process__single-2\">\r\n                                    <div class=\"process__icon-box\">\r\n                                        <div class=\"process__icon insur-icon-svg\">\r\n                                            <span aria-hidden=\"true\" class=\"   icon-meeting\"><\/span>                                        <\/div>\r\n                                        <div class=\"process__count\"><\/div>\r\n                                    <\/div>\r\n                                    <div class=\"process__content\">\r\n                                        <h3 class=\"process__title\">2nd RDV<\/h3>\r\n                                        <p class=\"process__text\">Analyse patrimoine et objectifs<\/p>\r\n                                    <\/div>\r\n                                <\/div>\r\n                            <\/div>\r\n                            <!--Process Single End-->\r\n                                                <!--Process Single Start-->\r\n                            <div class=\"col-xl-3 col-lg-3 col-md-6\">\r\n                                <div class=\"process__single process__single-3\">\r\n                                    <div class=\"process__icon-box\">\r\n                                        <div class=\"process__icon insur-icon-svg\">\r\n                                            <span aria-hidden=\"true\" class=\"   icon-life-insurance\"><\/span>                                        <\/div>\r\n                                        <div class=\"process__count\"><\/div>\r\n                                    <\/div>\r\n                                    <div class=\"process__content\">\r\n                                        <h3 class=\"process__title\">3eme RDV<\/h3>\r\n                                        <p class=\"process__text\">Remise de la pr\u00e9conisations\nR\u00e8glement des honoraires <\/p>\r\n                                    <\/div>\r\n                                <\/div>\r\n                            <\/div>\r\n                            <!--Process Single End-->\r\n                                                <!--Process Single Start-->\r\n                            <div class=\"col-xl-3 col-lg-3 col-md-6\">\r\n                                <div class=\"process__single process__single-4\">\r\n                                    <div class=\"process__icon-box\">\r\n                                        <div class=\"process__icon insur-icon-svg\">\r\n                                            <span aria-hidden=\"true\" class=\"  far fa-check-square\"><\/span>                                        <\/div>\r\n                                        <div class=\"process__count\"><\/div>\r\n                                    <\/div>\r\n                                    <div class=\"process__content\">\r\n                                        <h3 class=\"process__title\">4eme RDV<\/h3>\r\n                                        <p class=\"process__text\">Souscription solutions n\u00e9goci\u00e9es<\/p>\r\n                                    <\/div>\r\n                                <\/div>\r\n                            <\/div>\r\n                            <!--Process Single End-->\r\n                                    <\/div>\r\n            <\/div>\r\n        <\/div>\r\n    <\/section>\r\n    <!--Process End-->\r\n\t\t\t\t<\/div>\n\t\t\t\t<\/div>\n\t\t\t\t\t<\/div>\n\t\t<\/div>\n\t\t\t\t\t<\/div>\n\t\t<\/section>\n\t\t\t\t<section class=\"elementor-section elementor-top-section elementor-element elementor-element-c7662de elementor-section-boxed elementor-section-height-default elementor-section-height-default\" data-id=\"c7662de\" data-element_type=\"section\" data-e-type=\"section\">\n\t\t\t\t\t\t<div class=\"elementor-container elementor-column-gap-default\">\n\t\t\t\t\t<div class=\"elementor-column elementor-col-100 elementor-top-column elementor-element elementor-element-86d2d1a\" data-id=\"86d2d1a\" data-element_type=\"column\" data-e-type=\"column\">\n\t\t\t<div class=\"elementor-widget-wrap\">\n\t\t\t\t\t\t\t<\/div>\n\t\t<\/div>\n\t\t\t\t\t<\/div>\n\t\t<\/section>\n\t\t\t\t<section class=\"elementor-section elementor-top-section elementor-element elementor-element-114fa2d9 elementor-section-full_width elementor-section-height-default elementor-section-height-default\" data-id=\"114fa2d9\" data-element_type=\"section\" data-e-type=\"section\">\n\t\t\t\t\t\t<div class=\"elementor-container elementor-column-gap-no\">\n\t\t\t\t\t<div class=\"elementor-column elementor-col-100 elementor-top-column elementor-element elementor-element-218929e6\" data-id=\"218929e6\" data-element_type=\"column\" data-e-type=\"column\">\n\t\t\t<div class=\"elementor-widget-wrap elementor-element-populated\">\n\t\t\t\t\t\t\t<\/div>\n\t\t<\/div>\n\t\t\t\t\t<\/div>\n\t\t<\/section>\n\t\t\t\t<section class=\"elementor-section elementor-top-section elementor-element elementor-element-f8c406e elementor-section-boxed elementor-section-height-default elementor-section-height-default\" data-id=\"f8c406e\" data-element_type=\"section\" data-e-type=\"section\">\n\t\t\t\t\t\t<div class=\"elementor-container elementor-column-gap-default\">\n\t\t\t\t\t<div class=\"elementor-column elementor-col-100 elementor-top-column elementor-element elementor-element-ef9fb5c\" data-id=\"ef9fb5c\" data-element_type=\"column\" data-e-type=\"column\">\n\t\t\t<div class=\"elementor-widget-wrap elementor-element-populated\">\n\t\t\t\t\t\t<div class=\"elementor-element elementor-element-9953395 elementor-widget__width-initial elementor-widget elementor-widget-video\" data-id=\"9953395\" data-element_type=\"widget\" data-e-type=\"widget\" data-settings=\"{&quot;youtube_url&quot;:&quot;https:\\\/\\\/youtu.be\\\/8uO3sXMiW0g&quot;,&quot;show_image_overlay&quot;:&quot;yes&quot;,&quot;image_overlay&quot;:{&quot;url&quot;:&quot;http:\\\/\\\/avefi.com\\\/wp-content\\\/uploads\\\/2018\\\/06\\\/cropped-cropped-Capture-decran-2018-06-15-a-10.19.23.png&quot;,&quot;id&quot;:2111,&quot;size&quot;:&quot;&quot;,&quot;alt&quot;:&quot;&quot;,&quot;source&quot;:&quot;library&quot;},&quot;video_type&quot;:&quot;youtube&quot;,&quot;controls&quot;:&quot;yes&quot;}\" data-widget_type=\"video.default\">\n\t\t\t\t<div class=\"elementor-widget-container\">\n\t\t\t\t\t\t\t<div class=\"elementor-wrapper elementor-open-inline\">\n\t\t\t<div class=\"elementor-video\"><\/div>\t\t\t\t<div class=\"elementor-custom-embed-image-overlay\" style=\"background-image: url(https:\/\/avefi.com\/wp-content\/uploads\/2018\/06\/cropped-cropped-Capture-decran-2018-06-15-a-10.19.23.png);\">\n\t\t\t\t\t\t\t\t\t\t\t\t\t\t\t\t<div class=\"elementor-custom-embed-play\" role=\"button\" aria-label=\"Lire la vid\u00e9o\" tabindex=\"0\">\n\t\t\t\t\t\t\t<i aria-hidden=\"true\" class=\"eicon-play\"><\/i>\t\t\t\t\t\t<\/div>\n\t\t\t\t\t\t\t\t\t<\/div>\n\t\t\t\t\t<\/div>\n\t\t\t\t\t\t<\/div>\n\t\t\t\t<\/div>\n\t\t\t\t<div class=\"elementor-element elementor-element-672931c elementor-widget elementor-widget-html\" data-id=\"672931c\" data-element_type=\"widget\" data-e-type=\"widget\" data-widget_type=\"html.default\">\n\t\t\t\t<div class=\"elementor-widget-container\">\n\t\t\t\t\t<script src=\"https:\/\/forms.app\/static\/embed.js\" type=\"text\/javascript\"><\/script><script> var formsappForm = new formsapp('64f73a84f0b17b3e6344d677', 'sidetab', {\"button\":{\"text\":\"Cliquez ici!\",\"color\":\"#ff9e24\"},\"align\":{\"horizontal\":\"right\",\"vertical\":\"middle\"},\"width\":\"400px\",\"height\":\"500px\",\"autoOpen\":{\"action\":\"onpageload\"}})<\/script>\t\t\t\t<\/div>\n\t\t\t\t<\/div>\n\t\t\t\t<div class=\"elementor-element elementor-element-31b557a elementor-widget elementor-widget-google_maps\" data-id=\"31b557a\" data-element_type=\"widget\" data-e-type=\"widget\" data-widget_type=\"google_maps.default\">\n\t\t\t\t<div class=\"elementor-widget-container\">\n\t\t\t\t\t\t\t<div class=\"elementor-custom-embed\">\n\t\t\t<iframe loading=\"lazy\"\n\t\t\t\t\tsrc=\"https:\/\/maps.google.com\/maps?q=18bis%2C%20rue%20am%C3%A9lie%2075007%20PAris&#038;t=m&#038;z=18&#038;output=embed&#038;iwloc=near\"\n\t\t\t\t\ttitle=\"18bis, rue am\u00e9lie 75007 PAris\"\n\t\t\t\t\taria-label=\"18bis, rue am\u00e9lie 75007 PAris\"\n\t\t\t><\/iframe>\n\t\t<\/div>\n\t\t\t\t\t\t<\/div>\n\t\t\t\t<\/div>\n\t\t\t\t\t<\/div>\n\t\t<\/div>\n\t\t\t\t\t<\/div>\n\t\t<\/section>\n\t\t\t\t<section class=\"elementor-section elementor-top-section elementor-element elementor-element-9e10427 elementor-section-height-min-height elementor-section-boxed elementor-section-height-default elementor-section-items-middle\" data-id=\"9e10427\" data-element_type=\"section\" data-e-type=\"section\">\n\t\t\t\t\t\t<div class=\"elementor-container elementor-column-gap-default\">\n\t\t\t\t\t<div class=\"elementor-column elementor-col-100 elementor-top-column elementor-element elementor-element-609950a\" data-id=\"609950a\" data-element_type=\"column\" data-e-type=\"column\">\n\t\t\t<div class=\"elementor-widget-wrap\">\n\t\t\t\t\t\t\t<\/div>\n\t\t<\/div>\n\t\t\t\t\t<\/div>\n\t\t<\/section>\n\t\t\t\t<\/div>\n\t\t","protected":false},"excerpt":{"rendered":"<p>Process 1er RDV Analyse de la demande, Proposition de process, de tarif 1er RDV offert 2nd RDV Analyse patrimoine et objectifs 3eme RDV Remise de la pr\u00e9conisations R\u00e8glement des honoraires 4eme RDV Souscription solutions n\u00e9goci\u00e9es<\/p>\n","protected":false},"author":1,"featured_media":0,"parent":0,"menu_order":0,"comment_status":"closed","ping_status":"closed","template":"elementor_header_footer","meta":{"footnotes":""},"class_list":["post-47","page","type-page","status-publish","hentry"],"_links":{"self":[{"href":"https:\/\/avefi.com\/index.php?rest_route=\/wp\/v2\/pages\/47","targetHints":{"allow":["GET"]}}],"collection":[{"href":"https:\/\/avefi.com\/index.php?rest_route=\/wp\/v2\/pages"}],"about":[{"href":"https:\/\/avefi.com\/index.php?rest_route=\/wp\/v2\/types\/page"}],"author":[{"embeddable":true,"href":"https:\/\/avefi.com\/index.php?rest_route=\/wp\/v2\/users\/1"}],"replies":[{"embeddable":true,"href":"https:\/\/avefi.com\/index.php?rest_route=%2Fwp%2Fv2%2Fcomments&post=47"}],"version-history":[{"count":118,"href":"https:\/\/avefi.com\/index.php?rest_route=\/wp\/v2\/pages\/47\/revisions"}],"predecessor-version":[{"id":2972,"href":"https:\/\/avefi.com\/index.php?rest_route=\/wp\/v2\/pages\/47\/revisions\/2972"}],"wp:attachment":[{"href":"https:\/\/avefi.com\/index.php?rest_route=%2Fwp%2Fv2%2Fmedia&parent=47"}],"curies":[{"name":"wp","href":"https:\/\/api.w.org\/{rel}","templated":true}]}}